{"id":1233,"date":"2018-06-25T11:42:45","date_gmt":"2018-06-25T11:42:45","guid":{"rendered":"https:\/\/www.drnradiologia.com\/techniques\/resonancia-magnetica-marbella\/"},"modified":"2023-09-21T07:19:54","modified_gmt":"2023-09-21T07:19:54","slug":"resonancia-magnetica-marbella","status":"publish","type":"page","link":"https:\/\/www.drnradiologia.com\/en\/techniques\/resonancia-magnetica-marbella\/","title":{"rendered":"RESONANCIA MAGN\u00c9TICA"},"content":{"rendered":"<p>[vc_row dfd_bg_style=&#8221;image&#8221; dfd_parallax_style=&#8221;dfd_vertical_parallax&#8221; dfd_bg_image_new=&#8221;555&#8243; dfd_bg_image_repeat=&#8221;no-repeat&#8221;][vc_column offset=&#8221;vc_hidden-sm vc_hidden-xs&#8221;]<div class=\"dfd-spacer-module\"  data-units=\"px\" data-wide_resolution=\"1280\" data-wide_size=\"200\" data-normal_resolution=\"1024\" data-normal_size=\"200\" data-tablet_resolution=\"800\" data-tablet_size=\"100\" data-mobile_resolution=\"480\" data-mobile_size=\"100\" style=\"height: 200px;\"><\/div><div class=\"dfd-heading-shortcode\"><div class=\"dfd-heading-module-wrap  text-center style_01 dfd-heading-69d43bee60eb7 dfd-disable-resposive-headings\" id=\"dfd-heading-69d43bee60eb7\" ><div class=\"inline-block\"><div class=\"dfd-heading-module\"><h1 class=\"widget-title dfd-title \" style=\"font-family:Source Sans Pro; font-weight:300; font-style:normal; font-size: 26px; color: #000000 !important; letter-spacing: 0px; \">RESONANCIA MAGN\u00c9TICA<\/p>\n<p><\/h1><h2 class=\"widget-sub-title dfd-sub-title \" style=\"font-family:Source Sans Pro; font-size: 20px; letter-spacing: 0px; \">T\u00e9cnicas<\/h2><\/div><\/div><\/div><script type=\"text\/javascript\">\r\n\t\t\t\t\t\t\t\t\t(function($) {\r\n\t\t\t\t\t\t\t\t\t\t$(\"head\").append(\"<style>.dfd-heading-69d43bee60eb7.dfd-heading-module-wrap .dfd-heading-module .dfd-heading-delimiter {margin-top:10px;margin-bottom:10px;}@media (max-width: 1023px) and (min-width: 800px){.dfd-heading-69d43bee60eb7 .dfd-title{font-size: 20px !important;letter-spacing: 4px !important;}}@media (max-width: 799px){.dfd-heading-69d43bee60eb7 .dfd-title{font-size: 20px !important;letter-spacing: 3px !important;}}<\/style>\");\r\n\t\t\t\t\t\t\t\t\t})(jQuery);\r\n\t\t\t\t\t\t\t\t<\/script><\/div><div class=\"dfd-spacer-module\"  data-units=\"px\" data-wide_resolution=\"1280\" data-wide_size=\"50\" data-normal_resolution=\"1024\" data-normal_size=\"50\" data-tablet_resolution=\"800\" data-tablet_size=\"50\" data-mobile_resolution=\"480\" data-mobile_size=\"50\" style=\"height: 50px;\"><\/div>[\/vc_column][\/vc_row][vc_row][vc_column]<div class=\"dfd-spacer-module\"  data-units=\"px\" data-wide_resolution=\"1280\" data-wide_size=\"70\" data-normal_resolution=\"1024\" data-normal_size=\"50\" data-tablet_resolution=\"800\" data-tablet_size=\"30\" data-mobile_resolution=\"480\" data-mobile_size=\"30\" style=\"height: 70px;\"><\/div>[\/vc_column][\/vc_row][vc_row][vc_column width=&#8221;1\/3&#8243; css=&#8221;.vc_custom_1530094117811{border-top-width: 1px !important;border-right-width: 1px !important;border-bottom-width: 1px !important;border-left-width: 1px !important;padding-right: 2% !important;border-left-color: #eeeeee !important;border-left-style: solid !important;border-right-color: #eeeeee !important;border-right-style: solid !important;border-top-color: #eeeeee !important;border-top-style: solid !important;border-bottom-color: #eeeeee !important;border-bottom-style: solid !important;}&#8221; offset=&#8221;vc_hidden-sm vc_hidden-xs&#8221;][vc_widget_sidebar sidebar_id=&#8221;arbitrary&#8221;][\/vc_column][vc_column width=&#8221;2\/3&#8243; css=&#8221;.vc_custom_1529927012580{padding-left: 2% !important;}&#8221;][vc_row_inner][vc_column_inner][vc_single_image image=&#8221;1234&#8243; img_size=&#8221;full&#8221;]<div class=\"dfd-spacer-module\"  data-units=\"px\" data-wide_resolution=\"1280\" data-wide_size=\"20\" data-normal_resolution=\"1024\" data-normal_size=\"20\" data-tablet_resolution=\"800\" data-tablet_size=\"20\" data-mobile_resolution=\"480\" data-mobile_size=\"10\" style=\"height: 20px;\"><\/div><div class=\"dfd-heading-shortcode\"><div class=\"dfd-heading-module-wrap  text-left style_01 dfd-heading-69d43bee612c4 dfd-disable-resposive-headings\" id=\"dfd-heading-69d43bee612c4\" ><div class=\"inline-block\"><div class=\"dfd-heading-module\"><h2 class=\"widget-title dfd-title \" style=\"font-family:Source Sans Pro; font-weight:300; font-style:normal; font-size: 20px; letter-spacing: 0px; \">RESONANCIA MAGN\u00c9TICA DE ALTO CAMPO<\/h2><div class=\"dfd-heading-delimiter dfd-img-lazy-load\"><\/div><\/div><\/div><\/div><script type=\"text\/javascript\">\r\n\t\t\t\t\t\t\t\t\t(function($) {\r\n\t\t\t\t\t\t\t\t\t\t$(\"head\").append(\"<style>.dfd-heading-69d43bee612c4.dfd-heading-module-wrap .dfd-heading-module .dfd-heading-delimiter {border-bottom-style:solid;border-bottom-width:3px;width:100px;border-bottom-color:#5b9ad5;}.dfd-heading-69d43bee612c4.dfd-heading-module-wrap .dfd-heading-module .dfd-heading-delimiter {margin-top:10px;margin-bottom:10px;}@media (max-width: 1023px) and (min-width: 800px){.dfd-heading-69d43bee612c4 .dfd-title{font-size: 20px !important;letter-spacing: 4px !important;}}@media (max-width: 799px){.dfd-heading-69d43bee612c4 .dfd-title{font-size: 20px !important;letter-spacing: 3px !important;}}<\/style>\");\r\n\t\t\t\t\t\t\t\t\t})(jQuery);\r\n\t\t\t\t\t\t\t\t<\/script><\/div>[vc_column_text el_class=&#8221;.espacio_tecnicas&#8221;]La resonancia magn\u00e9tica (RM) es una t\u00e9cnica diagn\u00f3stica basada en la utilizaci\u00f3n de campos magn\u00e9ticos que no emplea, por lo tanto, radiaciones ionizantes.2<\/p>\n<p>Con esta t\u00e9cnica podemos ver los \u00e1tomos de hidr\u00f3geno de nuestro organismo, que es nuestro principal constituyente (agua, grasa, prote\u00ednas\u2026). Por ello es una t\u00e9cnica que nos permite valorar todos los tejidos de nuestro organismo y detectar la patolog\u00eda.<\/p>\n<p>Es una t\u00e9cnica muy empleada en el estudio del Sistema Nervioso Central (enc\u00e9falo y m\u00e9dula) y en el estudio del aparato locomotor al permitir diferenciar muy bien todos las estructuras (huesos, tendones, ligamentos, cart\u00edlago, nervios\u2026) pero su utilidad no termina ah\u00ed.<\/p>\n<blockquote><p>Resonancia magn\u00e9tica de alto campo, de \u00faltima generaci\u00f3n que permite hacer todo tipo de estudios.<\/p><\/blockquote>\n<p>Tiene adem\u00e1s aplicaciones en\u00a0oncolog\u00eda\u00a0permiti\u00e9ndonos no s\u00f3lo diagnosticar sino estadificar (ver el grado de extensi\u00f3n) los tumores (mama, pr\u00f3stata\u2026) y tambi\u00e9n servir\u00eda como gu\u00eda para realizar la biopsia (mama).<\/p>\n<p>S\u00f3lo est\u00e1 contraindicada en pacientes portadores de aparatos electr\u00f3nicos (marcapasos), porque podr\u00edan ar su funcionamiento, y en pacientes con part\u00edculas met\u00e1licas ferromagn\u00e9ticas m\u00f3viles. Sin embargo pueden emplearse sin problema en pacientes portadores de pr\u00f3tesis met\u00e1licas fijas.<\/p>\n<p>Los estudios suelen durar entre 15 y 30 minutos y\u00a0 son bien tolerados. Existe la limitaci\u00f3n de la claustrofobia que, en la mayor parte de los casos, se puede solucionar con una explicaci\u00f3n detallada del proceso.<\/p>\n<p>Nuestro equipo es un equipo de alto campo magn\u00e9tico, lo que incrementa significativamente la calidad de los estudios, y est\u00e1 equipado con las t\u00e9cnicas m\u00e1s modernas y avanzadas. Permite hacer todo tipo de estudios: sistema nervioso, mama, pr\u00f3stata, coraz\u00f3n, vascular, espectroscopia, funcional\u2026[\/vc_column_text]<div class=\"dfd-spacer-module\"  data-units=\"px\" data-wide_resolution=\"1280\" data-wide_size=\"20\" data-normal_resolution=\"1024\" data-normal_size=\"20\" data-tablet_resolution=\"800\" data-tablet_size=\"20\" data-mobile_resolution=\"480\" data-mobile_size=\"10\" style=\"height: 20px;\"><\/div><div class=\"dfd-spacer-module\"  data-units=\"px\" data-wide_resolution=\"1280\" data-wide_size=\"20\" data-normal_resolution=\"1024\" data-normal_size=\"20\" data-tablet_resolution=\"800\" data-tablet_size=\"20\" data-mobile_resolution=\"480\" data-mobile_size=\"10\" style=\"height: 20px;\"><\/div>[\/vc_column_inner][\/vc_row_inner][\/vc_column][\/vc_row][vc_row css=&#8221;.vc_custom_1493273240215{background-color: #ffffff !important;}&#8221;][vc_column]<div class=\"dfd-spacer-module\"  data-units=\"px\" data-wide_resolution=\"1280\" data-wide_size=\"100\" data-normal_resolution=\"1024\" data-normal_size=\"100\" data-tablet_resolution=\"800\" data-tablet_size=\"100\" data-mobile_resolution=\"480\" data-mobile_size=\"10\" style=\"height: 100px;\"><\/div>[\/vc_column][\/vc_row]<\/p>\n","protected":false},"excerpt":{"rendered":"<p>[vc_row dfd_bg_style=&#8221;image&#8221; dfd_parallax_style=&#8221;dfd_vertical_parallax&#8221; dfd_bg_image_new=&#8221;555&#8243; dfd_bg_image_repeat=&#8221;no-repeat&#8221;][vc_column offset=&#8221;vc_hidden-sm vc_hidden-xs&#8221;][\/vc_column][\/vc_row][vc_row][vc_column][\/vc_column][\/vc_row][vc_row][vc_column width=&#8221;1\/3&#8243; css=&#8221;.vc_custom_1530094117811{border-top-width: 1px !important;border-right-width: 1px !important;border-bottom-width: 1px !important;border-left-width: 1px !important;padding-right: 2% !important;border-left-color: #eeeeee !important;border-left-style: solid !important;border-right-color: #eeeeee !important;border-right-style: solid !important;border-top-color: #eeeeee !important;border-top-style: solid<\/p>\n","protected":false},"author":1,"featured_media":0,"parent":961,"menu_order":0,"comment_status":"closed","ping_status":"closed","template":"page-custom.php","meta":[],"acf":[],"_links":{"self":[{"href":"https:\/\/www.drnradiologia.com\/en\/wp-json\/wp\/v2\/pages\/1233"}],"collection":[{"href":"https:\/\/www.drnradiologia.com\/en\/wp-json\/wp\/v2\/pages"}],"about":[{"href":"https:\/\/www.drnradiologia.com\/en\/wp-json\/wp\/v2\/types\/page"}],"author":[{"embeddable":true,"href":"https:\/\/www.drnradiologia.com\/en\/wp-json\/wp\/v2\/users\/1"}],"replies":[{"embeddable":true,"href":"https:\/\/www.drnradiologia.com\/en\/wp-json\/wp\/v2\/comments?post=1233"}],"version-history":[{"count":4,"href":"https:\/\/www.drnradiologia.com\/en\/wp-json\/wp\/v2\/pages\/1233\/revisions"}],"predecessor-version":[{"id":1239,"href":"https:\/\/www.drnradiologia.com\/en\/wp-json\/wp\/v2\/pages\/1233\/revisions\/1239"}],"up":[{"embeddable":true,"href":"https:\/\/www.drnradiologia.com\/en\/wp-json\/wp\/v2\/pages\/961"}],"wp:attachment":[{"href":"https:\/\/www.drnradiologia.com\/en\/wp-json\/wp\/v2\/media?parent=1233"}],"curies":[{"name":"wp","href":"https:\/\/api.w.org\/{rel}","templated":true}]}}