{"id":1118,"date":"2021-03-30T13:33:58","date_gmt":"2021-03-30T13:33:58","guid":{"rendered":"https:\/\/www.drnradiologia.com\/politica-de-cookies\/"},"modified":"2021-03-31T11:30:21","modified_gmt":"2021-03-31T11:30:21","slug":"cookies-policy","status":"publish","type":"page","link":"https:\/\/www.drnradiologia.com\/en\/cookies-policy\/","title":{"rendered":"Cookies Policy"},"content":{"rendered":"<p>[vc_row][vc_column]<div class=\"dfd-spacer-module\"  data-units=\"px\" data-wide_resolution=\"1280\" data-wide_size=\"250\" data-normal_resolution=\"1024\" data-normal_size=\"250\" data-tablet_resolution=\"800\" data-tablet_size=\"30\" data-mobile_resolution=\"480\" data-mobile_size=\"30\" style=\"height: 250px;\"><\/div><div class=\"dfd-heading-shortcode\"><div class=\"dfd-heading-module-wrap  text-center style_01 cr-animate-gen dfd-heading-69f4c8f2a30cd dfd-disable-resposive-headings\" id=\"dfd-heading-69f4c8f2a30cd\" data-animate-type = \"transition.expandIn\" ><div class=\"inline-block\"><div class=\"dfd-heading-module\"><h5 class=\"widget-title dfd-title \" style=\"font-size: 36px; color: #424242 !important; \">POL\u00cdTICA DE COOKIES<\/h5><\/div><\/div><\/div><script type=\"text\/javascript\">\r\n\t\t\t\t\t\t\t\t\t(function($) {\r\n\t\t\t\t\t\t\t\t\t\t$(\"head\").append(\"<style>.dfd-heading-69f4c8f2a30cd.dfd-heading-module-wrap .dfd-heading-module .dfd-heading-delimiter {margin-top:10px;margin-bottom:10px;}@media (max-width: 1023px) and (min-width: 800px){.dfd-heading-69f4c8f2a30cd .dfd-title{font-size: 20px !important;letter-spacing: 4px !important;}}@media (max-width: 799px){.dfd-heading-69f4c8f2a30cd .dfd-title{font-size: 20px !important;letter-spacing: 3px !important;}}<\/style>\");\r\n\t\t\t\t\t\t\t\t\t})(jQuery);\r\n\t\t\t\t\t\t\t\t<\/script><\/div><div class=\"dfd-spacer-module\"  data-units=\"px\" data-wide_resolution=\"1280\" data-wide_size=\"50\" data-normal_resolution=\"1024\" data-normal_size=\"50\" data-tablet_resolution=\"800\" data-tablet_size=\"30\" data-mobile_resolution=\"480\" data-mobile_size=\"30\" style=\"height: 50px;\"><\/div>[\/vc_column][\/vc_row][vc_row][vc_column][vc_column_text]<\/p>\n<ol>\n<li><strong> Tipos de datos procesados \/ Enlaces a otras p\u00e1ginas web<\/strong><\/li>\n<\/ol>\n<p>La Web <a href=\"http:\/\/www.drnradiologia.com\">www.drnradiologia.com<\/a> respeta su privacidad. A trav\u00e9s de este Sitio La Web no recoge ni procesa ning\u00fan tipo de datos personales, excepto los recogidos a trav\u00e9s de los formularios de contacto y las cookies, seg\u00fan se explica a continuaci\u00f3n.<\/p>\n<ol start=\"2\">\n<li><strong> Recogida y uso de la informaci\u00f3n \u00a0\u00a0<\/strong><\/li>\n<\/ol>\n<p>Para mejorar este Sitio en t\u00e9rminos de rendimiento del sistema y facilidad de uso, as\u00ed como para proporcionar informaci\u00f3n \u00fatil sobre nuestros productos y servicios, recogemos autom\u00e1ticamente y almacenamos informaci\u00f3n en los archivos de registro (log files) de su ordenador.<\/p>\n<p>Ello incluye su direcci\u00f3n IP, tipo de navegador, idioma seleccionado, sistema operativo, proveedor de servicios de Internet (ISP) y la fecha\/hora. Esta informaci\u00f3n se emplea de forma global para mejorar la gesti\u00f3n de este Sitio, analizar las tendencias y recoger datos demogr\u00e1ficos sobre nuestros usuarios. La informaci\u00f3n recogida puede ser usada por nuestros servicios de marketing, publicidad y comunicaci\u00f3n (por ejemplo, para optimizar y mejorar la experiencia del usuario y\/o presentar ofertas especiales, estudios estad\u00edsticos y servicios m\u00e1s atractivos).<\/p>\n<ol start=\"3\">\n<li><strong> Uso de cookies<\/strong><\/li>\n<\/ol>\n<p>Para optimizar nuestros servicios, este Sitio Web puede utilizar \u201ccookies\u201d que Usted podr\u00e1 o no permitir en funci\u00f3n de sus necesidades.<\/p>\n<p><strong>\u00bfQu\u00e9 es una cookie?\u00a0<\/strong><\/p>\n<p>Una cookie es un fichero que se descarga en su ordenador al acceder a determinadas p\u00e1ginas web, normalmente formado por letras y n\u00fameros, enviado por el servidor de nuestra web al archivo de cookies de su navegador. Las cookies permiten a nuestra p\u00e1gina web, entre otras cosas, almacenar y recuperar informaci\u00f3n sobre sus h\u00e1bitos de navegaci\u00f3n o de su equipo y recordar su presencia al establecerse una nueva conexi\u00f3n entre nuestro servidor y su navegador. El principal prop\u00f3sito de una cookie es permitir a nuestro servidor presentar p\u00e1ginas web personalizadas que puedan convertir la visita a la web, en una experiencia individual y ajustada a las preferencias personales.<\/p>\n<p><strong>\u00bfQu\u00e9 tipo de cookies emplea este Sitio?\u00a0<\/strong><\/p>\n<ul>\n<li>La Web emplea dos tipos de cookies en este Sitio seg\u00fan el tiempo de permanencia:<\/li>\n<\/ul>\n<p>\u2013 <u>Cookies de sesi\u00f3n:<\/u> son cookies temporales que permanecen en el archivo de cookies de su navegador mientras est\u00e1 en nuestra p\u00e1gina web. Estas cookies son necesarias para ciertas aplicaciones o funciones y permiten que este Sitio funcione adecuadamente.<br \/>\n\u2013 <u>Cookies persistentes:<\/u> favorecen la experiencia como usuario (por ejemplo, ofreciendo una navegaci\u00f3n personalizada). Estas cookies permanecen en su navegador durante un periodo de tiempo m\u00e1s amplio. Este periodo depende de los ajustes que haya introducido en su navegador. Las cookies persistentes permiten que la informaci\u00f3n sea transferida al servidor de este Sitio cada vez que lo visita. Tambi\u00e9n se conocen como cookies de seguimiento.<\/p>\n<p>2.) Seg\u00fan la finalidad para la que se tratan los datos obtenidos, este Sitio emplea los siguientes tipos de cookies:<br \/>\n\u2013 <u>Cookies t\u00e9cnicas:<\/u> Son aqu\u00e9llas que le permiten la navegaci\u00f3n a trav\u00e9s de una p\u00e1gina web, plataforma o aplicaci\u00f3n y la utilizaci\u00f3n de las diferentes opciones o servicios que en esta existen como, por ejemplo, el control del tr\u00e1fico y la comunicaci\u00f3n de datos, identificar la sesi\u00f3n, acceder a partes de acceso restringido, recordar los elementos que integran un pedido, realizar el proceso de compra de un pedido, realizar la solicitud de inscripci\u00f3n o participaci\u00f3n en un evento, utilizar elementos de seguridad durante la navegaci\u00f3n, almacenar contenidos para la difusi\u00f3n de videos o sonido o compartir contenidos a trav\u00e9s de redes sociales.<br \/>\n\u2013 <u>Cookies de personalizaci\u00f3n<\/u>: Son aqu\u00e9llas que le permiten acceder al servicio con algunas caracter\u00edsticas de car\u00e1cter general predefinidas en funci\u00f3n de una serie de criterios en el terminal (por ejemplo el idioma, el tipo de navegador a trav\u00e9s del cual accede al servicio, la configuraci\u00f3n regional desde donde accede al servicio, etc.).<br \/>\n\u2013 <u>Cookies de an\u00e1lisis:<\/u> Son aqu\u00e9llas que bien tratadas por nosotros o por terceros, nos permiten cuantificar el n\u00famero de usuarios y as\u00ed realizar la medici\u00f3n y an\u00e1lisis estad\u00edstico de la utilizaci\u00f3n que hacen los usuarios del servicio ofertado. Para ello se analiza su navegaci\u00f3n en nuestra p\u00e1gina web con el fin de mejorar la oferta de productos o servicios que le ofrecemos.<br \/>\n\u2013 <u>Cookies publicitarias:<\/u> Son aqu\u00e9llas que, bien tratadas por nosotros o por terceros, nos permiten gestionar de la forma m\u00e1s eficaz posible la oferta de los espacios publicitarios que hay en la p\u00e1gina web, adecuando el contenido del anuncio al contenido del servicio solicitado o al uso que realice de nuestra p\u00e1gina web. Para ello podemos analizar sus h\u00e1bitos de navegaci\u00f3n en Internet y podemos mostrarle publicidad relacionada con su perfil de navegaci\u00f3n.<br \/>\n\u2013 <u>Cookies de publicidad comportamental:<\/u> Son aqu\u00e9llas que, bien tratadas por nosotros o por terceros, nos permiten la gesti\u00f3n, de la forma m\u00e1s eficaz posible, de los espacios publicitarios que, en su caso, pudieran estar incluidos en este Sitio desde el que se presta el servicio solicitado. Estas cookies almacenan informaci\u00f3n de su comportamiento obtenida a trav\u00e9s de la observaci\u00f3n continuada de sus h\u00e1bitos de navegaci\u00f3n, lo que nos permite desarrollar un perfil espec\u00edfico para mostrar la publicidad en funci\u00f3n del mismo.<\/p>\n<ol start=\"4\">\n<li><strong> Cookies de terceros<\/strong><\/li>\n<\/ol>\n<p>La Web puede usar medios de terceros. Estos usan las cookies para medir la efectividad de los anuncios y personalizar su contenido. La informaci\u00f3n que puede ser recogida por terceros puede incluir datos tales como la localizaci\u00f3n geogr\u00e1fica (a trav\u00e9s de la direcci\u00f3n IP), datos de contacto o, s\u00f3lo si es introducida a trav\u00e9s de este Sitio, la direcci\u00f3n de correo electr\u00f3nico.<\/p>\n<ol start=\"5\">\n<li><strong> Seguimiento y An\u00e1lisis<\/strong><\/li>\n<\/ol>\n<p>Para la continua optimizaci\u00f3n de sus comunicaciones, la Web\u00a0emplea el software anal\u00edtico Google Analitycs. Esta tecnolog\u00eda permite conocer el comportamiento online del visitante en t\u00e9rminos de tiempo, localizaci\u00f3n geogr\u00e1fica y uso de este Sitio. La informaci\u00f3n se recoge a trav\u00e9s de pixels tags y\/o cookies de seguimiento. Esta informaci\u00f3n es an\u00f3nima, no es vinculada con los datos personales y La Web no la comparte con terceros para su uso independiente. Toda la informaci\u00f3n necesaria para el an\u00e1lisis es almacenada en los servidores en Google.<\/p>\n<ol start=\"6\">\n<li><strong> Habilitaci\u00f3n y deshabilitaci\u00f3n de cookies y recursos similares \u00a0 \u00a0 \u00a0 \u00a0 \u00a0 \u00a0<\/strong><\/li>\n<\/ol>\n<p>Recuerde que ciertas funciones y la plena funcionalidad de este Sitio pueden no estar disponibles despu\u00e9s de deshabilitar los cookies.<br \/>\nPuede usted permitir, bloquear o eliminar las cookies instaladas en su equipo mediante la configuraci\u00f3n de las opciones del navegador instalado en su ordenador.<br \/>\n<strong>&#8211; Si utiliza Mozzilla Firefox :\u00a0\u00a0\u00a0\u00a0\u00a0\u00a0\u00a0\u00a0 <\/strong><br \/>\n1. Elija Herramientas y despu\u00e9s, 2. Opciones\u00a0 3. Haga clic en Privacidad\u00a0 4. Seleccione o deseleccione la opci\u00f3n Aceptar cookies y la opci\u00f3n Incluso de Terceros.<br \/>\n<strong>&#8211; Si usa Internet Explorer 8.0:\u00a0\u00a0\u00a0\u00a0 <\/strong><br \/>\n1. Seleccionar Herramientas \/ Opciones de Internet.\u00a0 2. Pulsar la solapa Privacidad.\u00a0 3. Elegir los ajustes deseados.<br \/>\n<strong>&#8211; Si utiliza Netscape Communicator 4.0:<\/strong> en la barra de tareas, haga clic en:<br \/>\n1. Edit, en 2. Preferences y, despu\u00e9s, en\u00a0 3. Advanced. 4. Establezca las opciones que desee en el cuadro que tiene la etiqueta \u201cCookies\u201d.<br \/>\n<strong>&#8211; Si utiliza Google Chrome:\u00a0\u00a0\u00a0\u00a0\u00a0\u00a0\u00a0\u00a0\u00a0 <\/strong><br \/>\n1. Haga clic en el icono de men\u00fa de Google Chrome Chrome; 2 Seleccione Configuraci\u00f3n, 3. Haga clic en Mostrar opciones avanzadas\u2026, que encontrar\u00e1 hacia el final de la p\u00e1gina; 4. En la secci\u00f3n \u201cPrivacidad\u201d, haga clic en Configuraci\u00f3n de contenido.\u00a05. Para deshabilitar\u00a0o habilitar las cookies, pulse la casilla \u201cBloquear los datos de sitios y las cookies de terceros\u201d. Para permitir cookies de origen y de terceros, selecciona la opci\u00f3n Permitir que se establezcan datos locales. Si solo quieres aceptar cookies de origen, activa la casilla de verificaci\u00f3n situada junto a \u201cBloquear los datos de sitios y las cookies de terceros\u201d.<\/p>\n<ol start=\"7\">\n<li><strong> Cambios en nuestra Pol\u00edtica de Privacidad<\/strong><\/li>\n<\/ol>\n<p>Cualquier cambio que en el futuro podamos introducir en nuestra pol\u00edtica de privacidad ser\u00e1 comunicado en esta p\u00e1gina. De este modo podr\u00e1 comprobar regularmente las actualizaciones o cambios en nuestra pol\u00edtica de privacidad.<\/p>\n<ol start=\"8\">\n<li><strong> Contacto<\/strong><\/li>\n<\/ol>\n<p>Para cualquier consulta, comentario o solicitud relativa a nuestra pol\u00edtica de privacidad, por favor cont\u00e1ctenos:<\/p>\n<p>Correo electr\u00f3nico de atenci\u00f3n al cliente: <u>info@drnradiologia.com<\/u><\/p>\n<p>Tambi\u00e9n puede contactar con nosotros para acceder a cualquier informaci\u00f3n personal que hayamos recogido a trav\u00e9s de este Sitio o para ejercer cualquiera de sus derechos.<\/p>\n<p>Consulte nuestras Condiciones de Uso o Aviso Legal para conocer todos los datos referentes al propietario de la Web.<\/p>\n<p><strong>Notas adicionales<\/strong><\/p>\n<ul>\n<li>Ni esta web ni sus representantes legales se hacen responsables ni del contenido ni de la veracidad de las pol\u00edticas de privacidad que puedan tener los terceros mencionados en esta pol\u00edtica de\u00a0<em>cookies<\/em>.<\/li>\n<li>Los navegadores web son las herramientas encargadas de almacenar las\u00a0<em>cookies<\/em>y desde este lugar debe efectuar su derecho a eliminaci\u00f3n o desactivaci\u00f3n de las mismas. Ni esta web ni sus representantes legales pueden garantizar la correcta o incorrecta manipulaci\u00f3n de las\u00a0<em>cookies<\/em>\u00a0por parte de los mencionados navegadores.<\/li>\n<\/ul>\n<p>[\/vc_column_text]<div class=\"dfd-spacer-module\"  data-units=\"px\" data-wide_resolution=\"1280\" data-wide_size=\"50\" data-normal_resolution=\"1024\" data-normal_size=\"50\" data-tablet_resolution=\"800\" data-tablet_size=\"30\" data-mobile_resolution=\"480\" data-mobile_size=\"30\" style=\"height: 50px;\"><\/div>[\/vc_column][\/vc_row]<\/p>\n","protected":false},"excerpt":{"rendered":"<p>[vc_row][vc_column][\/vc_column][\/vc_row][vc_row][vc_column][vc_column_text] Tipos de datos procesados \/ Enlaces a otras p\u00e1ginas web La Web www.drnradiologia.com respeta su privacidad. A trav\u00e9s de este Sitio La Web no recoge ni procesa ning\u00fan tipo<\/p>\n","protected":false},"author":3,"featured_media":0,"parent":0,"menu_order":0,"comment_status":"closed","ping_status":"closed","template":"page-custom.php","meta":[],"acf":[],"_links":{"self":[{"href":"https:\/\/www.drnradiologia.com\/en\/wp-json\/wp\/v2\/pages\/1118"}],"collection":[{"href":"https:\/\/www.drnradiologia.com\/en\/wp-json\/wp\/v2\/pages"}],"about":[{"href":"https:\/\/www.drnradiologia.com\/en\/wp-json\/wp\/v2\/types\/page"}],"author":[{"embeddable":true,"href":"https:\/\/www.drnradiologia.com\/en\/wp-json\/wp\/v2\/users\/3"}],"replies":[{"embeddable":true,"href":"https:\/\/www.drnradiologia.com\/en\/wp-json\/wp\/v2\/comments?post=1118"}],"version-history":[{"count":2,"href":"https:\/\/www.drnradiologia.com\/en\/wp-json\/wp\/v2\/pages\/1118\/revisions"}],"predecessor-version":[{"id":1120,"href":"https:\/\/www.drnradiologia.com\/en\/wp-json\/wp\/v2\/pages\/1118\/revisions\/1120"}],"wp:attachment":[{"href":"https:\/\/www.drnradiologia.com\/en\/wp-json\/wp\/v2\/media?parent=1118"}],"curies":[{"name":"wp","href":"https:\/\/api.w.org\/{rel}","templated":true}]}}