{"id":1115,"date":"2021-03-31T11:20:52","date_gmt":"2021-03-31T11:20:52","guid":{"rendered":"https:\/\/www.drnradiologia.com\/politica-de-privacidad\/"},"modified":"2021-03-31T11:29:28","modified_gmt":"2021-03-31T11:29:28","slug":"privacy-policy","status":"publish","type":"page","link":"https:\/\/www.drnradiologia.com\/en\/privacy-policy\/","title":{"rendered":"Privacy Policy"},"content":{"rendered":"<p>[vc_row][vc_column]<div class=\"dfd-spacer-module\"  data-units=\"px\" data-wide_resolution=\"1280\" data-wide_size=\"250\" data-normal_resolution=\"1024\" data-normal_size=\"250\" data-tablet_resolution=\"800\" data-tablet_size=\"30\" data-mobile_resolution=\"480\" data-mobile_size=\"30\" style=\"height: 250px;\"><\/div><div class=\"dfd-heading-shortcode\"><div class=\"dfd-heading-module-wrap  text-center style_01 cr-animate-gen dfd-heading-69f4c8f9760fa dfd-disable-resposive-headings\" id=\"dfd-heading-69f4c8f9760fa\" data-animate-type = \"transition.expandIn\" ><div class=\"inline-block\"><div class=\"dfd-heading-module\"><h5 class=\"widget-title dfd-title \" style=\"font-size: 36px; color: #424242 !important; \">POL\u00cdTICA DE PRIVACIDAD<\/h5><\/div><\/div><\/div><script type=\"text\/javascript\">\r\n\t\t\t\t\t\t\t\t\t(function($) {\r\n\t\t\t\t\t\t\t\t\t\t$(\"head\").append(\"<style>.dfd-heading-69f4c8f9760fa.dfd-heading-module-wrap .dfd-heading-module .dfd-heading-delimiter {margin-top:10px;margin-bottom:10px;}@media (max-width: 1023px) and (min-width: 800px){.dfd-heading-69f4c8f9760fa .dfd-title{font-size: 20px !important;letter-spacing: 4px !important;}}@media (max-width: 799px){.dfd-heading-69f4c8f9760fa .dfd-title{font-size: 20px !important;letter-spacing: 3px !important;}}<\/style>\");\r\n\t\t\t\t\t\t\t\t\t})(jQuery);\r\n\t\t\t\t\t\t\t\t<\/script><\/div><div class=\"dfd-spacer-module\"  data-units=\"px\" data-wide_resolution=\"1280\" data-wide_size=\"50\" data-normal_resolution=\"1024\" data-normal_size=\"50\" data-tablet_resolution=\"800\" data-tablet_size=\"30\" data-mobile_resolution=\"480\" data-mobile_size=\"30\" style=\"height: 50px;\"><\/div>[\/vc_column][\/vc_row][vc_row][vc_column][vc_column_text]<\/p>\n<ol>\n<li><strong>PRIVACIDAD Y PROTECCI\u00d3N DE DATOS (RGPD)<br \/>\n<\/strong>En DRN RADIOLOG\u00cdA (DRN IMAGE SERVICES, S.L.) creemos en la importancia que tiene el garantizar la seguridad y la identidad de nuestros pacientes y usuarios, as\u00ed como el correcto tratamiento de los datos que nos ceden para el desempe\u00f1o de nuestras funciones. Como consecuencia de la aplicaci\u00f3n de la normativa de protecci\u00f3n de datos personales \u2013<strong> Ley Org\u00e1nica 3\/2018 de Protecci\u00f3n de Datos Personales y Garant\u00eda de los Derechos Digitales<\/strong> y el <strong>Reglamento (UE) 2016\/679<\/strong> &#8211; ponemos a su disposici\u00f3n todo lo que necesita para entenderla. Adem\u00e1s, hemos previsto medidas de seguridad para garantizar el cumplimiento en funci\u00f3n de la tipolog\u00eda de datos que usamos y de su correcto tratamiento mediante t\u00e9cnicas de an\u00e1lisis de riesgos.Entre otras, el marco legislativo al que hacemos referencia es el siguiente:<\/p>\n<ul>\n<li>Ley Org\u00e1nica 3\/2018 de Protecci\u00f3n de Datos Personales y Garant\u00eda de los Derechos Digitales \u2013 LOPD-GDD<\/li>\n<li>Reglamento Europeo (UE) 679\/2016 &#8211; RGPD<\/li>\n<li>Ley 34\/2002, de 11 de julio, de Servicios de la Sociedad de la Informaci\u00f3n y de Comercio Electr\u00f3nico<\/li>\n<\/ul>\n<p>Siguiendo el principio de informaci\u00f3n por capas que recoge el reglamento, le proporcionamos la informaci\u00f3n m\u00e1s relevante que puede ser de su inter\u00e9s:<\/p>\n<p>\u00bfQui\u00e9n es el Responsable de sus datos? <strong>\u2013 RESPONSABLE \u2013<\/strong><\/p>\n<p><strong>Raz\u00f3n Social:<\/strong> DRN IMAGE SERVICES, S.L.<\/p>\n<p><strong>CIF:<\/strong> B\/93.485.357<\/p>\n<p><strong>Direcci\u00f3n: <\/strong>Avenida Arias Maldonado, 2 \u2013 29.640 Marbella (M\u00e1laga)<\/p>\n<p><strong>Marca Comercial:<\/strong> DRN RADIOLOG\u00cdA<\/p>\n<p><strong>E-mail de contacto:<\/strong> <a href=\"mailto:info@drnradiologia.com\">info@drnradiologia.com<\/a><\/p>\n<p><strong>Delegado de Protecci\u00f3n de Datos: <\/strong>dpd@grupo-r2.com<\/p>\n<p>\u00bfPara qu\u00e9 vamos a usar sus datos? <strong>\u2013 FINALIDAD Y LEGITIMACI\u00d3N \u2013<\/strong><\/p>\n<p>En DRN RADIOLOG\u00cdA (DRN IMAGE SERVICES, S.L.) usamos sus datos para la correcta ejecuci\u00f3n de los servicios sanitarios ofrecidos por nuestra cl\u00ednica radiol\u00f3gica (resonancia magn\u00e9tica, esc\u00e1ner, ecograf\u00eda, mamograf\u00eda, etc.) as\u00ed como para:<\/p>\n<ol>\n<li>Dar respuesta a las consultas, solicitudes o peticiones realizadas por los usuarios a trav\u00e9s del formulario de contacto y hacer un seguimiento posterior de las mismas.<\/li>\n<li>Remitirle comunicaciones comerciales en las que se informar\u00e1 a los usuarios, incluso a trav\u00e9s de medios electr\u00f3nicos, sobre los diferentes productos o servicios ofrecidos, previa solicitud de alta en el servicio, mediante el marcado de la casilla correspondiente.<\/li>\n<\/ol>\n<p>El tratamiento de sus datos como paciente\/usuario para el desarrollo de las actuaciones antes descritas est\u00e1 basado en su <strong>consentimiento expreso<\/strong>, que otorga al facilitar los datos que se solicitan, rellenando y aceptando este aviso legal en el proceso de inscripci\u00f3n en cualquiera de nuestras \u00e1reas o mediante el formulario de contacto de este Espacio Web.<\/p>\n<p>En ning\u00fan caso, se realizar\u00e1n acciones individualizadas automatizadas y\/o elaboraci\u00f3n de perfiles, que produzcan efectos jur\u00eddicos o le afecten significativamente de modo similar, salvo aquellos espec\u00edficos en los procesos de selecci\u00f3n en aquellas ofertas de empleo en las que se inscriban.<\/p>\n<p>Los datos personales proporcionados se conservar\u00e1n mientras dure la relaci\u00f3n contractual vinculante, el servicio sanitario solicitado o nos indique su supresi\u00f3n y siempre que resulten adecuados, pertinentes y limitados a lo necesario para los fines para los que sean tratados y garantizando el m\u00ednimo legal conferido por la Ley de Autonom\u00eda del Paciente 41\/2002<\/p>\n<p>El paciente\/usuario ser\u00e1 el \u00fanico responsable de la cumplimentaci\u00f3n de los formularios con datos falsos, inexactos, incompletos o no actualizados.<\/p>\n<p>\u00bfA qui\u00e9n comunicaremos sus datos? <strong>\u2013 CESIONES O TRANSFERENCIAS &#8211;<\/strong><\/p>\n<p>Sus datos no ser\u00e1n cedidos a ninguna entidad o profesional o tercero ajeno a los propios que garanticen los cumplimientos normativos en materia de protecci\u00f3n de datos y que sean necesarios para un correcto servicio por parte de DRN RADIOLOG\u00cdA (DRN IMAGE SERVICES, S.L.); en este caso, con profesionales del sector de la sanidad que sean necesarios para la gesti\u00f3n adecuada de la historia cl\u00ednica del paciente as\u00ed como con entidades aseguradoras.<\/p>\n<p>\u00bfDe d\u00f3nde obtenemos sus datos? <strong>\u2013 PROCEDENCIA &#8211;<\/strong><\/p>\n<p>Los datos que utilizamos y damos tratamiento, han sido proporcionados por los pacientes\/usuarios de manera consciente y mediante <strong>consentimiento expreso<\/strong> cuando se cumplimentan los formularios correspondientes en nuestra Cl\u00ednica.<\/p>\n<p>Disponemos de <strong>Registros de Actividades de Tratamiento<\/strong> seg\u00fan las obligaciones descritas por el Reglamento Europeo, en el que se definen los tipos de datos que tenemos y el tratamiento que practicamos sobre ellos.<\/p>\n<p>Al realizar una comunicaci\u00f3n a trav\u00e9s del formulario de contacto de la p\u00e1gina Web, usted garantiza que tiene la capacidad legal necesaria para celebrar estas comunicaciones y que es mayor de edad, esto es, 18 a\u00f1os.<\/p>\n<p>\u00bfCu\u00e1les son tus derechos y c\u00f3mo puedes ejercitarlos? <strong>\u2013 DERECHOS &#8211;\u00a0 <\/strong><\/p>\n<p>Cualquier paciente\/usuario tiene derecho a obtener confirmaci\u00f3n sobre si en DRN RADIOLOG\u00cdA (DRN IMAGE SERVICES, S.L.) estamos tratando datos personales que les conciernen, o no.<\/p>\n<p>Asimismo, tal y como prev\u00e9 el Reglamento General de Protecci\u00f3n de Datos (RGPD), le informamos que usted tiene los siguientes derechos:<\/p>\n<ul>\n<li><u>Acceder a sus datos<\/u><\/li>\n<\/ul>\n<p>Como paciente\/usuario, tiene derecho a acceder a sus datos para conocer qu\u00e9 datos personales estamos tratando que le conciernen.<\/p>\n<ul>\n<li><u>Solicitar la rectificaci\u00f3n o supresi\u00f3n de sus datos<\/u><\/li>\n<\/ul>\n<p>En determinadas circunstancias, como paciente\/usuario tiene derecho a rectificar aquellos datos personales inexactos que le conciernen que sean objeto de tratamiento por nuestra parte o, incluso, a solicitarnos su supresi\u00f3n cuando, entre otros motivos, los datos ya no fueran necesarios para los fines que fueron recogidos.<\/p>\n<ul>\n<li><u>Solicitar la limitaci\u00f3n del tratamiento de sus datos<\/u><\/li>\n<\/ul>\n<p>En determinadas circunstancias, como paciente\/usuario tendr\u00e1 derecho a solicitarnos la limitaci\u00f3n del tratamiento de sus datos, en cuyo caso le informamos que \u00fanicamente los conservaremos para el ejercicio o defensa de reclamaciones tal y como prev\u00e9 el Reglamento General de Protecci\u00f3n de Datos.<\/p>\n<ul>\n<li><u>A la portabilidad de sus datos<\/u><\/li>\n<\/ul>\n<p>En determinadas circunstancias, como paciente\/usuario, tendr\u00e1 derecho a recibir los datos personales que le incumban, y que nos haya facilitado, en un formato estructurado, de uso com\u00fan y lectura mec\u00e1nica, y a transmitirlos a otro responsable del tratamiento.<\/p>\n<ul>\n<li><u>Oponerse al tratamiento de sus datos<\/u><\/li>\n<\/ul>\n<p>En determinadas circunstancias y por motivos relacionados con su situaci\u00f3n particular, como paciente\/usuario tendr\u00e1 derecho a oponerse al tratamiento de sus datos en cuyo caso, dejar\u00edamos de tratarlos salvo que por motivos leg\u00edtimos imperiosos, o el ejercicio o la defensa de posibles reclamaciones.<\/p>\n<p>El usuario tiene derecho a retirar el consentimiento en cualquier momento, sin que ello afecte a la licitud del tratamiento basado en el consentimiento previo a su retirada. Si bien, en caso de retirar el consentimiento, no podr\u00e1 hacer uso de nuestros servicios.<\/p>\n<p><em>\u00bfD\u00f3nde debe dirigirse para el ejercicio sus derechos?<\/em><\/p>\n<p>Para el ejercicio de los derechos reconocidos, el interesado podr\u00e1 ponerse en contacto a trav\u00e9s de 2 v\u00edas principales:<\/p>\n<ul>\n<li>A trav\u00e9s de la direcci\u00f3n de correo electr\u00f3nico de DRN RADIOLOG\u00cdA (DRN IMAGE SERVICES, S.L.), este es, info@drnradiologia.com<\/li>\n<\/ul>\n<p>&nbsp;<\/p>\n<ul>\n<li>Dirigiendo un escrito a DRN RADIOLOG\u00cdA (DRN IMAGE SERVICES, S.L.) que sita en Avenida Arias Maldonado, 2 \u2013 29.640 Marbella (M\u00e1laga)<\/li>\n<\/ul>\n<p>Responderemos a sus peticiones a la mayor brevedad posible y, en todo caso, en los plazos que requiere la legislaci\u00f3n vigente.<\/p>\n<p>\u00bfDurante cu\u00e1nto tiempo conservamos sus datos?<\/p>\n<p>Sus datos utilizados para la finalidad asistencial ser\u00e1n conservados durante los plazos establecidos en la normativa nacional y auton\u00f3mica aplicable, y al menos, seg\u00fan lo dispuesto en la Ley 41\/2002 b\u00e1sica reguladora de la autonom\u00eda del paciente y de derechos y obligaciones en materia de informaci\u00f3n y documentaci\u00f3n cl\u00ednica, durante los cinco a\u00f1os siguientes desde que se produzca el alta de cada proceso asistencial.<\/p>\n<p>Para los tratamientos espec\u00edficamente consentidos por el usuario, los datos ser\u00e1n conservados durante el tiempo necesario para dar respuesta a su solicitud o consulta y dar esta por definitivamente cerrada.<\/p>\n<p><strong>CONDICIONES DE ACCESO Y USO DE LA WEB<\/strong><\/p>\n<p>Mediante el acceso y utilizaci\u00f3n de la Web se entender\u00e1 que el usuario manifiesta de forma expresa su aceptaci\u00f3n al contenido de todas y cada una de las presentes secciones en la versi\u00f3n publicada en la Web en el momento del acceso.<\/p>\n<p>El acceso a la Web se realiza bajo la propia y exclusiva responsabilidad del usuario, que responder\u00e1 en todo caso de los da\u00f1os y perjuicios que dicho acceso pudiera causar.<\/p>\n<p>DRN RADIOLOG\u00cdA se reserva el derecho de modificar el contenido de del presente aviso en cualquier momento con la finalidad de adaptarse a cambios operativos, t\u00e9cnicos o legislativos.<\/p>\n<p>El usuario se compromete a utilizar la Web, los contenidos y servicios en ella ofrecidos de conformidad con la ley, las presentes Condiciones, la buena fe, las buenas costumbres y el orden p\u00fablico. Del mismo modo el usuario se obliga a no utilizar la Web o los servicios que se presten a trav\u00e9s de ella con fines o efectos il\u00edcitos o lesivos para los intereses o derechos de terceros, o que de cualquier forma puedan da\u00f1ar, inutilizar o deteriorar la Web o sus servicios o impedir un normal disfrute del mismo por otros usuarios.<\/p>\n<p>DRN RADIOLOG\u00cdA podr\u00e1 ejercitar las acciones legales que le correspondan contra aquellos usuarios que vulneren las presentes Condiciones.<\/p>\n<p><strong>PROPIEDAD INTELECTUAL<\/strong><\/p>\n<p>Todos los contenidos de la Web son titularidad exclusiva de DRN RADIOLOG\u00cdA (DRN IMAGE SERVICES, S.L.) o de terceros que han autorizado su inclusi\u00f3n en el mismo.<br \/>\nIgualmente, todos los nombres comerciales, marcas o signos distintivos de cualquier clase contenidos en la Web est\u00e1n protegidos por la ley estando prohibida su reproducci\u00f3n, imitaci\u00f3n, utilizaci\u00f3n o inserci\u00f3n sin la debida autorizaci\u00f3n por parte de DRN RADIOLOG\u00cdA (DRN IMAGE SERVICES, S.L.)<\/p>\n<p>El usuario reconoce que la reproducci\u00f3n, distribuci\u00f3n, comercializaci\u00f3n o transformaci\u00f3n no autorizada de los elementos indicados podr\u00e1 constituir una infracci\u00f3n de los derechos de propiedad intelectual y\/o industrial de DRN RADIOLOG\u00cdA (DRN IMAGE SERVICES, S.L.) o de los titulares de los mismos.<\/p>\n<p>Se proh\u00edbe por tanto, la reproducci\u00f3n, transformaci\u00f3n, comunicaci\u00f3n p\u00fablica, distribuci\u00f3n, puesta a disposici\u00f3n del p\u00fablico, y en general, cualquier otra forma de explotaci\u00f3n, por cualquier procedimiento, de todo o parte de los contenidos de la Web, as\u00ed como de su dise\u00f1o y forma de presentaci\u00f3n de los contenidos, sin contar para ello con la correspondiente autorizaci\u00f3n del titular de los derechos o salvo si se encontrara legalmente permitido o fuera acorde con la naturaleza del propio contenido.<\/p>\n<p><strong>REDES SOCIALES<\/strong><\/p>\n<p>DRN RADIOLOG\u00cdA (DRN IMAGE SERVICES, S.L.) cuenta con un perfil corporativo en las principales redes sociales de Internet (Facebook y LinkedIn) conoci\u00e9ndose en todos los casos responsable del tratamiento de los datos de sus seguidores, fans, suscriptores, comentaristas y otros perfiles de usuarios.<\/p>\n<p>El tratamiento que DRN RADIOLOG\u00cdA (DRN IMAGE SERVICES, S.L.) llevar\u00e1 a cabo con dichos datos ser\u00e1, como m\u00e1ximo, el que la red social permita a los perfiles corporativos y tendr\u00e1 siempre finalidad informativa.<\/p>\n<p>As\u00ed pues, DRN RADIOLOG\u00cdA (DRN IMAGE SERVICES, S.L.) podr\u00e1 informar a sus seguidores por cualquier v\u00eda que la red social permita sobre sus noticias y novedades en su cat\u00e1logo de ofertas y promociones sobre nuestros servicios sanitarios.<\/li>\n<\/ol>\n<p>[\/vc_column_text]<div class=\"dfd-spacer-module\"  data-units=\"px\" data-wide_resolution=\"1280\" data-wide_size=\"50\" data-normal_resolution=\"1024\" data-normal_size=\"50\" data-tablet_resolution=\"800\" data-tablet_size=\"30\" data-mobile_resolution=\"480\" data-mobile_size=\"30\" style=\"height: 50px;\"><\/div>[\/vc_column][\/vc_row]<\/p>\n","protected":false},"excerpt":{"rendered":"<p>[vc_row][vc_column][\/vc_column][\/vc_row][vc_row][vc_column][vc_column_text] PRIVACIDAD Y PROTECCI\u00d3N DE DATOS (RGPD) En DRN RADIOLOG\u00cdA (DRN IMAGE SERVICES, S.L.) creemos en la importancia que tiene el garantizar la seguridad y la identidad de nuestros pacientes<\/p>\n","protected":false},"author":1,"featured_media":0,"parent":0,"menu_order":0,"comment_status":"closed","ping_status":"closed","template":"page-custom.php","meta":[],"acf":[],"_links":{"self":[{"href":"https:\/\/www.drnradiologia.com\/en\/wp-json\/wp\/v2\/pages\/1115"}],"collection":[{"href":"https:\/\/www.drnradiologia.com\/en\/wp-json\/wp\/v2\/pages"}],"about":[{"href":"https:\/\/www.drnradiologia.com\/en\/wp-json\/wp\/v2\/types\/page"}],"author":[{"embeddable":true,"href":"https:\/\/www.drnradiologia.com\/en\/wp-json\/wp\/v2\/users\/1"}],"replies":[{"embeddable":true,"href":"https:\/\/www.drnradiologia.com\/en\/wp-json\/wp\/v2\/comments?post=1115"}],"version-history":[{"count":2,"href":"https:\/\/www.drnradiologia.com\/en\/wp-json\/wp\/v2\/pages\/1115\/revisions"}],"predecessor-version":[{"id":1117,"href":"https:\/\/www.drnradiologia.com\/en\/wp-json\/wp\/v2\/pages\/1115\/revisions\/1117"}],"wp:attachment":[{"href":"https:\/\/www.drnradiologia.com\/en\/wp-json\/wp\/v2\/media?parent=1115"}],"curies":[{"name":"wp","href":"https:\/\/api.w.org\/{rel}","templated":true}]}}